{"id":4811,"date":"2025-02-13T20:19:33","date_gmt":"2025-02-13T20:19:33","guid":{"rendered":"https:\/\/www.goodmanetcompagnie.com\/?page_id=4811"},"modified":"2025-02-14T10:06:01","modified_gmt":"2025-02-14T10:06:01","slug":"lagence-de-com","status":"publish","type":"page","link":"https:\/\/www.goodmanetcompagnie.com\/en\/lagence-de-com\/","title":{"rendered":"L&rsquo;agence de com&rsquo;"},"content":{"rendered":"<div data-elementor-type=\"wp-page\" data-elementor-id=\"4811\" class=\"elementor elementor-4811\" data-elementor-post-type=\"page\">\n\t\t\t\t\t\t<section class=\"elementor-section elementor-top-section elementor-element elementor-element-a58519 elementor-section-full_width elementor-section-height-min-height elementor-section-content-middle elementor-section-height-default elementor-section-items-middle wpr-particle-no wpr-jarallax-no wpr-parallax-no wpr-sticky-section-no\" data-id=\"a58519\" data-element_type=\"section\" data-settings=\"{&quot;background_background&quot;:&quot;classic&quot;}\">\n\t\t\t\t\t\t<div class=\"elementor-container elementor-column-gap-no\">\n\t\t\t\t\t<div class=\"elementor-column elementor-col-100 elementor-top-column elementor-element elementor-element-7f8ba1ba\" data-id=\"7f8ba1ba\" data-element_type=\"column\">\n\t\t\t<div class=\"elementor-widget-wrap\">\n\t\t\t\t\t\t\t<\/div>\n\t\t<\/div>\n\t\t\t\t\t<\/div>\n\t\t<\/section>\n\t\t\t\t<section class=\"elementor-section elementor-top-section elementor-element elementor-element-5a509c40 elementor-section-full_width elementor-section-height-default elementor-section-height-default wpr-particle-no wpr-jarallax-no wpr-parallax-no wpr-sticky-section-no\" data-id=\"5a509c40\" data-element_type=\"section\">\n\t\t\t\t\t\t<div class=\"elementor-container elementor-column-gap-default\">\n\t\t\t\t\t<div class=\"elementor-column elementor-col-100 elementor-top-column elementor-element elementor-element-6774f7b\" data-id=\"6774f7b\" data-element_type=\"column\">\n\t\t\t<div class=\"elementor-widget-wrap elementor-element-populated\">\n\t\t\t\t\t\t<section class=\"elementor-section elementor-inner-section elementor-element elementor-element-6fca871f elementor-section-full_width elementor-section-height-default elementor-section-height-default wpr-particle-no wpr-jarallax-no wpr-parallax-no wpr-sticky-section-no\" data-id=\"6fca871f\" data-element_type=\"section\">\n\t\t\t\t\t\t<div class=\"elementor-container elementor-column-gap-default\">\n\t\t\t\t\t<div class=\"elementor-column elementor-col-50 elementor-inner-column elementor-element elementor-element-441723f6\" data-id=\"441723f6\" data-element_type=\"column\">\n\t\t\t<div class=\"elementor-widget-wrap elementor-element-populated\">\n\t\t\t\t\t\t<div class=\"elementor-element elementor-element-74dfcb76 elementor-widget elementor-widget-heading\" data-id=\"74dfcb76\" data-element_type=\"widget\" data-widget_type=\"heading.default\">\n\t\t\t\t<div class=\"elementor-widget-container\">\n\t\t\t\t\t<h1 class=\"elementor-heading-title elementor-size-default\">Nos <\/br><strong>PROJETS<\/strong><\/h1>\t\t\t\t<\/div>\n\t\t\t\t<\/div>\n\t\t\t\t\t<\/div>\n\t\t<\/div>\n\t\t\t\t<div class=\"elementor-column elementor-col-50 elementor-inner-column elementor-element elementor-element-7fc5bc3\" data-id=\"7fc5bc3\" data-element_type=\"column\">\n\t\t\t<div class=\"elementor-widget-wrap elementor-element-populated\">\n\t\t\t\t\t\t<div class=\"elementor-element elementor-element-1cd4f832 elementor-widget elementor-widget-heading\" data-id=\"1cd4f832\" data-element_type=\"widget\" data-widget_type=\"heading.default\">\n\t\t\t\t<div class=\"elementor-widget-container\">\n\t\t\t\t\t<h2 class=\"elementor-heading-title elementor-size-default\">Goodman & Compagnie : Une agence de communication 360\u00b0 au service de votre image<\/h2>\t\t\t\t<\/div>\n\t\t\t\t<\/div>\n\t\t\t\t<div class=\"elementor-element elementor-element-c33cce7 elementor-widget elementor-widget-text-editor\" data-id=\"c33cce7\" data-element_type=\"widget\" data-widget_type=\"text-editor.default\">\n\t\t\t\t<div class=\"elementor-widget-container\">\n\t\t\t\t\t\t\t\t\t<p>Chez Goodman &amp; Compagnie, nous concevons des strat\u00e9gies de communication globales, adapt\u00e9es \u00e0 vos enjeux et \u00e0 votre identit\u00e9. Gr\u00e2ce \u00e0 notre \u00e9quipe pluridisciplinaire, nous vous accompagnons \u00e0 chaque \u00e9tape pour garantir une coh\u00e9rence parfaite sur tous vos supports.<\/p><h5><b>Notre expertise<\/b><\/h5><ul><li><b>Identit\u00e9 visuelle &amp; branding <\/b>: Cr\u00e9ation de logos, chartes graphiques et univers visuels pour affirmer votre image de marque.<\/li><li><b> Cr\u00e9ation de sites internet<\/b> : Conception de plateformes performantes, esth\u00e9tiques et ergonomiques pour une exp\u00e9rience utilisateur optimale.<\/li><li><b> Strat\u00e9gie digitale &amp; r\u00e9seaux sociaux<\/b> : D\u00e9finition et d\u00e9ploiement de votre pr\u00e9sence en ligne pour engager et fid\u00e9liser votre audience.<\/li><li><b> R\u00e9daction &amp; storytelling<\/b> : Production de contenus impactants et adapt\u00e9s \u00e0 votre positionnement pour renforcer votre message.<\/li><li><b> Marketing &amp; campagnes publicitaires<\/b> : Conception et mise en \u0153uvre de strat\u00e9gies efficaces pour maximiser votre visibilit\u00e9.<\/li><\/ul><div>\u00a0<\/div><h5><b> Une approche sur mesure<\/b><\/h5><p>Nous analysons vos besoins et d\u00e9finissons une strat\u00e9gie qui refl\u00e8te votre ADN. Chaque projet est con\u00e7u pour s&rsquo;adapter \u00e0 votre march\u00e9, vos valeurs et vos objectifs.<\/p><p>Avec <i>Goodman &amp; Compagnie<\/i>, votre communication devient un levier de diff\u00e9renciation et de performance. Contactez-nous pour donner vie \u00e0 vos id\u00e9es.<\/p>\t\t\t\t\t\t\t\t<\/div>\n\t\t\t\t<\/div>\n\t\t\t\t\t<\/div>\n\t\t<\/div>\n\t\t\t\t\t<\/div>\n\t\t<\/section>\n\t\t\t\t\t<\/div>\n\t\t<\/div>\n\t\t\t\t\t<\/div>\n\t\t<\/section>\n\t\t\t\t<section class=\"elementor-section elementor-top-section elementor-element elementor-element-0684aa5 elementor-section-boxed elementor-section-height-default elementor-section-height-default wpr-particle-no wpr-jarallax-no wpr-parallax-no wpr-sticky-section-no\" data-id=\"0684aa5\" data-element_type=\"section\">\n\t\t\t\t\t\t<div class=\"elementor-container elementor-column-gap-default\">\n\t\t\t\t\t<div class=\"elementor-column elementor-col-100 elementor-top-column elementor-element elementor-element-1777da1\" data-id=\"1777da1\" data-element_type=\"column\">\n\t\t\t<div class=\"elementor-widget-wrap elementor-element-populated\">\n\t\t\t\t\t\t<div class=\"elementor-element elementor-element-835e227 elementor-grid-1 elementor-grid-tablet-2 elementor-grid-mobile-1 elementor-widget elementor-widget-portfolio\" data-id=\"835e227\" data-element_type=\"widget\" data-settings=\"{&quot;columns&quot;:&quot;1&quot;,&quot;item_ratio&quot;:{&quot;unit&quot;:&quot;px&quot;,&quot;size&quot;:0.5,&quot;sizes&quot;:[]},&quot;columns_tablet&quot;:&quot;2&quot;,&quot;columns_mobile&quot;:&quot;1&quot;,&quot;item_gap&quot;:{&quot;unit&quot;:&quot;px&quot;,&quot;size&quot;:&quot;&quot;,&quot;sizes&quot;:[]},&quot;row_gap&quot;:{&quot;unit&quot;:&quot;px&quot;,&quot;size&quot;:&quot;&quot;,&quot;sizes&quot;:[]}}\" data-widget_type=\"portfolio.default\">\n\t\t\t\t<div class=\"elementor-widget-container\">\n\t\t\t\t\t\t\t<ul class=\"elementor-portfolio__filters\">\n\t\t\t<li class=\"elementor-portfolio__filter elementor-active\" tabindex=\"0\" data-filter=\"__all\">All<\/li>\n\t\t\t\t\t\t\t<li class=\"elementor-portfolio__filter\" tabindex=\"0\" data-filter=\"51\">Identit\u00e9 visuelle<\/li>\n\t\t\t\t\t\t\t<li class=\"elementor-portfolio__filter\" tabindex=\"0\" data-filter=\"54\">Logo<\/li>\n\t\t\t\t\t\t\t<li class=\"elementor-portfolio__filter\" tabindex=\"0\" data-filter=\"50\">Site web<\/li>\n\t\t\t\t\t<\/ul>\n\t\t\t\t<div class=\"elementor-portfolio elementor-grid elementor-posts-container\">\n\t\t\t\t<article class=\"elementor-portfolio-item elementor-post elementor-filter-51 elementor-filter-54 elementor-filter-50 post-4863 portfolio type-portfolio status-publish format-standard has-post-thumbnail hentry category-identite-visuelle category-logo category-site-web\">\n\t\t\t<a class=\"elementor-post__thumbnail__link\" href=\"https:\/\/www.goodmanetcompagnie.com\/en\/portfolio\/alotech\/\">\n\t\t\t\t<div class=\"elementor-portfolio-item__img elementor-post__thumbnail\">\n\t\t\t<img fetchpriority=\"high\" decoding=\"async\" width=\"2001\" height=\"1048\" src=\"https:\/\/www.goodmanetcompagnie.com\/wp-content\/uploads\/2025\/02\/image-accueil-alotech2.png\" class=\"attachment-full size-full wp-image-4864\" alt=\"\" srcset=\"https:\/\/www.goodmanetcompagnie.com\/wp-content\/uploads\/2025\/02\/image-accueil-alotech2.png 2001w, https:\/\/www.goodmanetcompagnie.com\/wp-content\/uploads\/2025\/02\/image-accueil-alotech2-300x157.png 300w, https:\/\/www.goodmanetcompagnie.com\/wp-content\/uploads\/2025\/02\/image-accueil-alotech2-1024x536.png 1024w, https:\/\/www.goodmanetcompagnie.com\/wp-content\/uploads\/2025\/02\/image-accueil-alotech2-768x402.png 768w, https:\/\/www.goodmanetcompagnie.com\/wp-content\/uploads\/2025\/02\/image-accueil-alotech2-1536x804.png 1536w, https:\/\/www.goodmanetcompagnie.com\/wp-content\/uploads\/2025\/02\/image-accueil-alotech2-18x9.png 18w\" sizes=\"(max-width: 2001px) 100vw, 2001px\" \/>\t\t<\/div>\n\t\t\t\t<div class=\"elementor-portfolio-item__overlay\">\n\t\t\t\t<h3 class=\"elementor-portfolio-item__title\">\n\t\tAlotech\t\t<\/h3>\n\t\t\t\t<\/div>\n\t\t\t\t<\/a>\n\t\t<\/article>\n\t\t\t\t<\/div>\n\t\t\t\t\t\t<\/div>\n\t\t\t\t<\/div>\n\t\t\t\t\t<\/div>\n\t\t<\/div>\n\t\t\t\t\t<\/div>\n\t\t<\/section>\n\t\t\t\t<\/div>","protected":false},"excerpt":{"rendered":"<p>Nos PROJETS Goodman &amp; Compagnie : Une agence de communication 360\u00b0 au service de votre image Chez Goodman &amp; Compagnie, nous concevons des strat\u00e9gies de communication globales, adapt\u00e9es \u00e0 vos enjeux et \u00e0 votre identit\u00e9. Gr\u00e2ce \u00e0 notre \u00e9quipe pluridisciplinaire, nous vous accompagnons \u00e0 chaque \u00e9tape pour garantir une coh\u00e9rence parfaite sur tous vos supports. Notre expertise Identit\u00e9 visuelle &amp; branding : Cr\u00e9ation de logos, chartes graphiques et univers visuels pour affirmer votre image de marque. Cr\u00e9ation de sites internet : Conception de plateformes performantes, esth\u00e9tiques et ergonomiques pour une exp\u00e9rience utilisateur optimale. Strat\u00e9gie digitale &amp; r\u00e9seaux sociaux : D\u00e9finition et d\u00e9ploiement de votre pr\u00e9sence en ligne pour engager et fid\u00e9liser votre audience. R\u00e9daction &amp; storytelling : Production de contenus impactants et adapt\u00e9s \u00e0 votre positionnement pour renforcer votre message. Marketing &amp; campagnes publicitaires : Conception et mise en \u0153uvre de strat\u00e9gies efficaces pour maximiser votre visibilit\u00e9. \u00a0 Une approche sur mesure Nous analysons vos besoins et d\u00e9finissons une strat\u00e9gie qui refl\u00e8te votre ADN. Chaque projet est con\u00e7u pour s&rsquo;adapter \u00e0 votre march\u00e9, vos valeurs et vos objectifs. Avec Goodman &amp; Compagnie, votre communication devient un levier de diff\u00e9renciation et de performance. Contactez-nous pour donner vie \u00e0 vos id\u00e9es.<\/p>","protected":false},"author":3,"featured_media":0,"parent":0,"menu_order":0,"comment_status":"closed","ping_status":"closed","template":"","meta":{"footnotes":""},"class_list":["post-4811","page","type-page","status-publish","hentry"],"acf":[],"yoast_head":"<!-- This site is optimized with the Yoast SEO plugin v24.8.1 - https:\/\/yoast.com\/wordpress\/plugins\/seo\/ -->\n<title>L&#039;agence de com&#039; - Goodman &amp; Compagnie<\/title>\n<meta name=\"robots\" content=\"index, follow, max-snippet:-1, max-image-preview:large, max-video-preview:-1\" \/>\n<link rel=\"canonical\" href=\"https:\/\/www.goodmanetcompagnie.com\/en\/lagence-de-com\/\" \/>\n<meta property=\"og:locale\" content=\"en_GB\" \/>\n<meta property=\"og:type\" content=\"article\" \/>\n<meta property=\"og:title\" content=\"L&#039;agence de com&#039; - Goodman &amp; Compagnie\" \/>\n<meta property=\"og:description\" content=\"Nos PROJETS Goodman &amp; Compagnie : Une agence de communication 360\u00b0 au service de votre image Chez Goodman &amp; Compagnie, nous concevons des strat\u00e9gies de communication globales, adapt\u00e9es \u00e0 vos enjeux et \u00e0 votre identit\u00e9. Gr\u00e2ce \u00e0 notre \u00e9quipe pluridisciplinaire, nous vous accompagnons \u00e0 chaque \u00e9tape pour garantir une coh\u00e9rence parfaite sur tous vos supports. Notre expertise Identit\u00e9 visuelle &amp; branding : Cr\u00e9ation de logos, chartes graphiques et univers visuels pour affirmer votre image de marque. Cr\u00e9ation de sites internet : Conception de plateformes performantes, esth\u00e9tiques et ergonomiques pour une exp\u00e9rience utilisateur optimale. Strat\u00e9gie digitale &amp; r\u00e9seaux sociaux : D\u00e9finition et d\u00e9ploiement de votre pr\u00e9sence en ligne pour engager et fid\u00e9liser votre audience. R\u00e9daction &amp; storytelling : Production de contenus impactants et adapt\u00e9s \u00e0 votre positionnement pour renforcer votre message. Marketing &amp; campagnes publicitaires : Conception et mise en \u0153uvre de strat\u00e9gies efficaces pour maximiser votre visibilit\u00e9. \u00a0 Une approche sur mesure Nous analysons vos besoins et d\u00e9finissons une strat\u00e9gie qui refl\u00e8te votre ADN. Chaque projet est con\u00e7u pour s&rsquo;adapter \u00e0 votre march\u00e9, vos valeurs et vos objectifs. Avec Goodman &amp; Compagnie, votre communication devient un levier de diff\u00e9renciation et de performance. Contactez-nous pour donner vie \u00e0 vos id\u00e9es.\" \/>\n<meta property=\"og:url\" content=\"https:\/\/www.goodmanetcompagnie.com\/en\/lagence-de-com\/\" \/>\n<meta property=\"og:site_name\" content=\"Goodman &amp; Compagnie\" \/>\n<meta property=\"article:publisher\" content=\"https:\/\/www.facebook.com\/goodmanetcompagnie\" \/>\n<meta property=\"article:modified_time\" content=\"2025-02-14T10:06:01+00:00\" \/>\n<meta property=\"og:image\" content=\"https:\/\/www.goodmanetcompagnie.com\/wp-content\/uploads\/2023\/05\/cropped-LOGO-GOODMAN-FOND_BLANC.png\" \/>\n\t<meta property=\"og:image:width\" content=\"512\" \/>\n\t<meta property=\"og:image:height\" content=\"512\" \/>\n\t<meta property=\"og:image:type\" content=\"image\/png\" \/>\n<meta name=\"twitter:card\" content=\"summary_large_image\" \/>\n<meta name=\"twitter:label1\" content=\"Estimated reading time\" \/>\n\t<meta name=\"twitter:data1\" content=\"2 minutes\" \/>\n<script type=\"application\/ld+json\" class=\"yoast-schema-graph\">{\"@context\":\"https:\/\/schema.org\",\"@graph\":[{\"@type\":\"WebPage\",\"@id\":\"https:\/\/www.goodmanetcompagnie.com\/lagence-de-com\/\",\"url\":\"https:\/\/www.goodmanetcompagnie.com\/lagence-de-com\/\",\"name\":\"L'agence de com' - Goodman &amp; Compagnie\",\"isPartOf\":{\"@id\":\"https:\/\/www.goodmanetcompagnie.com\/#website\"},\"datePublished\":\"2025-02-13T20:19:33+00:00\",\"dateModified\":\"2025-02-14T10:06:01+00:00\",\"inLanguage\":\"en-GB\",\"potentialAction\":[{\"@type\":\"ReadAction\",\"target\":[\"https:\/\/www.goodmanetcompagnie.com\/lagence-de-com\/\"]}]},{\"@type\":\"WebSite\",\"@id\":\"https:\/\/www.goodmanetcompagnie.com\/#website\",\"url\":\"https:\/\/www.goodmanetcompagnie.com\/\",\"name\":\"Goodman et Compagnie\",\"description\":\"Agence de production audiovisuelle en Bretagne\",\"publisher\":{\"@id\":\"https:\/\/www.goodmanetcompagnie.com\/#organization\"},\"alternateName\":\"Goodman et Compagnie\",\"potentialAction\":[{\"@type\":\"SearchAction\",\"target\":{\"@type\":\"EntryPoint\",\"urlTemplate\":\"https:\/\/www.goodmanetcompagnie.com\/?s={search_term_string}\"},\"query-input\":{\"@type\":\"PropertyValueSpecification\",\"valueRequired\":true,\"valueName\":\"search_term_string\"}}],\"inLanguage\":\"en-GB\"},{\"@type\":\"Organization\",\"@id\":\"https:\/\/www.goodmanetcompagnie.com\/#organization\",\"name\":\"c\",\"alternateName\":\"https:\/\/www.linkedin.com\/company\/goodman-et-compagnie\/\",\"url\":\"https:\/\/www.goodmanetcompagnie.com\/\",\"logo\":{\"@type\":\"ImageObject\",\"inLanguage\":\"en-GB\",\"@id\":\"https:\/\/www.goodmanetcompagnie.com\/#\/schema\/logo\/image\/\",\"url\":\"https:\/\/www.goodmanetcompagnie.com\/wp-content\/uploads\/2023\/05\/Fichier-3@4x.png\",\"contentUrl\":\"https:\/\/www.goodmanetcompagnie.com\/wp-content\/uploads\/2023\/05\/Fichier-3@4x.png\",\"width\":4718,\"height\":1222,\"caption\":\"c\"},\"image\":{\"@id\":\"https:\/\/www.goodmanetcompagnie.com\/#\/schema\/logo\/image\/\"},\"sameAs\":[\"https:\/\/www.facebook.com\/goodmanetcompagnie\",\"https:\/\/www.instagram.com\/goodmanetcompagnie\",\"https:\/\/www.youtube.com\/channel\/UCy08rhCKx0Ca01fq3H0j-BQ?view_as=subscriber\",\"https:\/\/www.linkedin.com\/company\/goodman-et-compagnie\/\"]}]}<\/script>\n<!-- \/ Yoast SEO plugin. -->","yoast_head_json":{"title":"L'agence de com' - Goodman &amp; Compagnie","robots":{"index":"index","follow":"follow","max-snippet":"max-snippet:-1","max-image-preview":"max-image-preview:large","max-video-preview":"max-video-preview:-1"},"canonical":"https:\/\/www.goodmanetcompagnie.com\/en\/lagence-de-com\/","og_locale":"en_GB","og_type":"article","og_title":"L'agence de com' - Goodman &amp; Compagnie","og_description":"Nos PROJETS Goodman &amp; Compagnie : Une agence de communication 360\u00b0 au service de votre image Chez Goodman &amp; Compagnie, nous concevons des strat\u00e9gies de communication globales, adapt\u00e9es \u00e0 vos enjeux et \u00e0 votre identit\u00e9. Gr\u00e2ce \u00e0 notre \u00e9quipe pluridisciplinaire, nous vous accompagnons \u00e0 chaque \u00e9tape pour garantir une coh\u00e9rence parfaite sur tous vos supports. Notre expertise Identit\u00e9 visuelle &amp; branding : Cr\u00e9ation de logos, chartes graphiques et univers visuels pour affirmer votre image de marque. Cr\u00e9ation de sites internet : Conception de plateformes performantes, esth\u00e9tiques et ergonomiques pour une exp\u00e9rience utilisateur optimale. Strat\u00e9gie digitale &amp; r\u00e9seaux sociaux : D\u00e9finition et d\u00e9ploiement de votre pr\u00e9sence en ligne pour engager et fid\u00e9liser votre audience. R\u00e9daction &amp; storytelling : Production de contenus impactants et adapt\u00e9s \u00e0 votre positionnement pour renforcer votre message. Marketing &amp; campagnes publicitaires : Conception et mise en \u0153uvre de strat\u00e9gies efficaces pour maximiser votre visibilit\u00e9. \u00a0 Une approche sur mesure Nous analysons vos besoins et d\u00e9finissons une strat\u00e9gie qui refl\u00e8te votre ADN. Chaque projet est con\u00e7u pour s&rsquo;adapter \u00e0 votre march\u00e9, vos valeurs et vos objectifs. Avec Goodman &amp; Compagnie, votre communication devient un levier de diff\u00e9renciation et de performance. Contactez-nous pour donner vie \u00e0 vos id\u00e9es.","og_url":"https:\/\/www.goodmanetcompagnie.com\/en\/lagence-de-com\/","og_site_name":"Goodman &amp; Compagnie","article_publisher":"https:\/\/www.facebook.com\/goodmanetcompagnie","article_modified_time":"2025-02-14T10:06:01+00:00","og_image":[{"width":512,"height":512,"url":"https:\/\/www.goodmanetcompagnie.com\/wp-content\/uploads\/2023\/05\/cropped-LOGO-GOODMAN-FOND_BLANC.png","type":"image\/png"}],"twitter_card":"summary_large_image","twitter_misc":{"Estimated reading time":"2 minutes"},"schema":{"@context":"https:\/\/schema.org","@graph":[{"@type":"WebPage","@id":"https:\/\/www.goodmanetcompagnie.com\/lagence-de-com\/","url":"https:\/\/www.goodmanetcompagnie.com\/lagence-de-com\/","name":"L'agence de com' - Goodman &amp; Compagnie","isPartOf":{"@id":"https:\/\/www.goodmanetcompagnie.com\/#website"},"datePublished":"2025-02-13T20:19:33+00:00","dateModified":"2025-02-14T10:06:01+00:00","inLanguage":"en-GB","potentialAction":[{"@type":"ReadAction","target":["https:\/\/www.goodmanetcompagnie.com\/lagence-de-com\/"]}]},{"@type":"WebSite","@id":"https:\/\/www.goodmanetcompagnie.com\/#website","url":"https:\/\/www.goodmanetcompagnie.com\/","name":"Goodman et Compagnie","description":"Agence de production audiovisuelle en Bretagne","publisher":{"@id":"https:\/\/www.goodmanetcompagnie.com\/#organization"},"alternateName":"Goodman et Compagnie","potentialAction":[{"@type":"SearchAction","target":{"@type":"EntryPoint","urlTemplate":"https:\/\/www.goodmanetcompagnie.com\/?s={search_term_string}"},"query-input":{"@type":"PropertyValueSpecification","valueRequired":true,"valueName":"search_term_string"}}],"inLanguage":"en-GB"},{"@type":"Organization","@id":"https:\/\/www.goodmanetcompagnie.com\/#organization","name":"c","alternateName":"https:\/\/www.linkedin.com\/company\/goodman-et-compagnie\/","url":"https:\/\/www.goodmanetcompagnie.com\/","logo":{"@type":"ImageObject","inLanguage":"en-GB","@id":"https:\/\/www.goodmanetcompagnie.com\/#\/schema\/logo\/image\/","url":"https:\/\/www.goodmanetcompagnie.com\/wp-content\/uploads\/2023\/05\/Fichier-3@4x.png","contentUrl":"https:\/\/www.goodmanetcompagnie.com\/wp-content\/uploads\/2023\/05\/Fichier-3@4x.png","width":4718,"height":1222,"caption":"c"},"image":{"@id":"https:\/\/www.goodmanetcompagnie.com\/#\/schema\/logo\/image\/"},"sameAs":["https:\/\/www.facebook.com\/goodmanetcompagnie","https:\/\/www.instagram.com\/goodmanetcompagnie","https:\/\/www.youtube.com\/channel\/UCy08rhCKx0Ca01fq3H0j-BQ?view_as=subscriber","https:\/\/www.linkedin.com\/company\/goodman-et-compagnie\/"]}]}},"_links":{"self":[{"href":"https:\/\/www.goodmanetcompagnie.com\/en\/wp-json\/wp\/v2\/pages\/4811","targetHints":{"allow":["GET"]}}],"collection":[{"href":"https:\/\/www.goodmanetcompagnie.com\/en\/wp-json\/wp\/v2\/pages"}],"about":[{"href":"https:\/\/www.goodmanetcompagnie.com\/en\/wp-json\/wp\/v2\/types\/page"}],"author":[{"embeddable":true,"href":"https:\/\/www.goodmanetcompagnie.com\/en\/wp-json\/wp\/v2\/users\/3"}],"replies":[{"embeddable":true,"href":"https:\/\/www.goodmanetcompagnie.com\/en\/wp-json\/wp\/v2\/comments?post=4811"}],"version-history":[{"count":46,"href":"https:\/\/www.goodmanetcompagnie.com\/en\/wp-json\/wp\/v2\/pages\/4811\/revisions"}],"predecessor-version":[{"id":4926,"href":"https:\/\/www.goodmanetcompagnie.com\/en\/wp-json\/wp\/v2\/pages\/4811\/revisions\/4926"}],"wp:attachment":[{"href":"https:\/\/www.goodmanetcompagnie.com\/en\/wp-json\/wp\/v2\/media?parent=4811"}],"curies":[{"name":"wp","href":"https:\/\/api.w.org\/{rel}","templated":true}]}}